{"id":631,"date":"2025-08-19T16:15:22","date_gmt":"2025-08-19T14:15:22","guid":{"rendered":"https:\/\/inspect.com.ro\/?page_id=631"},"modified":"2025-08-20T13:39:49","modified_gmt":"2025-08-20T11:39:49","slug":"registru","status":"publish","type":"page","link":"https:\/\/inspect.com.ro\/index.php\/registru\/","title":{"rendered":"Registru"},"content":{"rendered":"\n<p class=\"has-text-align-center has-large-font-size\"><strong>REGISTRU\u00a0ONLINE<br>DE INTRARE \u2013 IE\u015eIRE<br>A CORESPONDEN\u0162EI<\/strong><\/p>\n\n\n<div class=\"wp-block-image\">\n<figure class=\"aligncenter size-full\"><a href=\"https:\/\/inspect.com.ro\/registru\/login.php\" target=\"_blank\" rel=\" noreferrer noopener\"><img loading=\"lazy\" decoding=\"async\" width=\"282\" height=\"218\" src=\"https:\/\/inspect.com.ro\/wp-content\/uploads\/2025\/08\/sig.png\" alt=\"\" class=\"wp-image-632\"\/><\/a><\/figure>\n<\/div>\n\n<div class=\"wp-block-image\">\n<figure class=\"aligncenter size-full\"><a href=\"https:\/\/inspect.com.ro\/registru\/3\/login.php\" target=\"_blank\" rel=\" noreferrer noopener\"><img loading=\"lazy\" decoding=\"async\" width=\"282\" height=\"218\" src=\"https:\/\/inspect.com.ro\/wp-content\/uploads\/2025\/08\/3.png\" alt=\"\" class=\"wp-image-636\"\/><\/a><\/figure>\n<\/div>\n\n<div class=\"wp-block-image\">\n<figure class=\"aligncenter size-full\"><a href=\"https:\/\/inspect.com.ro\/registru\/10\/login.php\" target=\"_blank\" rel=\" noreferrer noopener\"><img loading=\"lazy\" decoding=\"async\" width=\"282\" height=\"218\" src=\"https:\/\/inspect.com.ro\/wp-content\/uploads\/2025\/08\/10.png\" alt=\"\" class=\"wp-image-637\"\/><\/a><\/figure>\n<\/div>\n\n\n<p><\/p>\n\n\n\n<p><em><strong>Varianta&nbsp;simpl\u0103 a aplica\u021biei \u00een care&nbsp;nu se pot \u00eenc\u0103rca&nbsp;\u0219i fi\u0219iere pdf&nbsp;cu documentul \u00eenregistrat este disponibil\u0103 la pre\u021bul de&nbsp;160 lei lunar, pre\u021bul include TVA.<\/strong><\/em><\/p>\n\n\n\n<p>Varianta&nbsp;<strong>Pro&nbsp;<\/strong>permite \u00eenc\u0103rcarea de fi\u0219iere pdf nu mai mari de&nbsp;<strong>3Mb<\/strong>&nbsp;\u0219i este disponibil\u0103 la pre\u021bul de 300 lei lunar inclusiv TVA.<\/p>\n\n\n\n<p>Varianta&nbsp;<strong>Ultra&nbsp;<\/strong>permite \u00eenc\u0103rcarea de fi\u0219iere pdf nu mai mari de&nbsp;<strong>10Mb&nbsp;<\/strong>\u0219i este disponibil\u0103 la pre\u021bul de 500 lei lunar inclusiv TVA.<\/p>\n\n\n\n<p>Fi\u0219ierul destinat print\u0103rii se export\u0103 \u00een format pdf, A4 land-scape.<\/p>\n\n\n\n<p>Exist\u0103 un singur user \u201dsecretar\u201d care are mai multe drepturi de administrare, inclusiv crearea de al\u021bi utilizatori cu drepturi reduse de utilizare.<\/p>\n\n\n\n<p><strong>DATE PENTRU COMANDA PE SEAP<\/strong><\/p>\n\n\n\n<p><strong>CUI 33836933, REF. 15 (pentru varianta simpl\u0103)<\/strong><\/p>\n\n\n\n<p><strong>Pentru detalii sau comand\u0103 variant\u0103 Pro sau Ultra suna\u021bi la 0755 656 702.<\/strong><\/p>\n","protected":false},"excerpt":{"rendered":"<p>REGISTRU\u00a0ONLINEDE INTRARE \u2013 IE\u015eIREA CORESPONDEN\u0162EI Varianta&nbsp;simpl\u0103 a aplica\u021biei \u00een care&nbsp;nu se pot \u00eenc\u0103rca&nbsp;\u0219i fi\u0219iere pdf&nbsp;cu documentul \u00eenregistrat este disponibil\u0103 la pre\u021bul de&nbsp;160 lei lunar, pre\u021bul include TVA. Varianta&nbsp;Pro&nbsp;permite \u00eenc\u0103rcarea de fi\u0219iere pdf nu mai mari de&nbsp;3Mb&nbsp;\u0219i este disponibil\u0103 la pre\u021bul de 300 lei lunar inclusiv TVA. Varianta&nbsp;Ultra&nbsp;permite \u00eenc\u0103rcarea de fi\u0219iere pdf nu mai mari de&nbsp;10Mb&nbsp;\u0219i\u2026 <span class=\"read-more\"><a href=\"https:\/\/inspect.com.ro\/index.php\/registru\/\">Cite\u0219te mai mult &raquo;<\/a><\/span><\/p>\n","protected":false},"author":1,"featured_media":0,"parent":0,"menu_order":0,"comment_status":"closed","ping_status":"closed","template":"","meta":{"footnotes":""},"class_list":["post-631","page","type-page","status-publish","hentry"],"_links":{"self":[{"href":"https:\/\/inspect.com.ro\/index.php\/wp-json\/wp\/v2\/pages\/631","targetHints":{"allow":["GET"]}}],"collection":[{"href":"https:\/\/inspect.com.ro\/index.php\/wp-json\/wp\/v2\/pages"}],"about":[{"href":"https:\/\/inspect.com.ro\/index.php\/wp-json\/wp\/v2\/types\/page"}],"author":[{"embeddable":true,"href":"https:\/\/inspect.com.ro\/index.php\/wp-json\/wp\/v2\/users\/1"}],"replies":[{"embeddable":true,"href":"https:\/\/inspect.com.ro\/index.php\/wp-json\/wp\/v2\/comments?post=631"}],"version-history":[{"count":11,"href":"https:\/\/inspect.com.ro\/index.php\/wp-json\/wp\/v2\/pages\/631\/revisions"}],"predecessor-version":[{"id":647,"href":"https:\/\/inspect.com.ro\/index.php\/wp-json\/wp\/v2\/pages\/631\/revisions\/647"}],"wp:attachment":[{"href":"https:\/\/inspect.com.ro\/index.php\/wp-json\/wp\/v2\/media?parent=631"}],"curies":[{"name":"wp","href":"https:\/\/api.w.org\/{rel}","templated":true}]}}