{"id":303,"date":"2023-10-20T10:46:12","date_gmt":"2023-10-20T08:46:12","guid":{"rendered":"https:\/\/inspect.com.ro\/?page_id=303"},"modified":"2023-10-31T14:22:49","modified_gmt":"2023-10-31T12:22:49","slug":"burse-online-institutionale-in-tara-si-strainatate","status":"publish","type":"page","link":"https:\/\/inspect.com.ro\/index.php\/burse-online-institutionale-in-tara-si-strainatate\/","title":{"rendered":"BURSE-ONLINE (institu\u021bionale \u00een \u021bar\u0103 \u0219i str\u0103in\u0103tate)"},"content":{"rendered":"\n<p class=\"has-text-align-center\"><a href=\"https:\/\/inspect.com.ro\/burse\/login.php\" data-type=\"link\" data-id=\"https:\/\/inspect.com.ro\/burse\/login.php\" target=\"_blank\" rel=\"noreferrer noopener\"><strong>Introducere burs<\/strong>e<\/a><\/p>\n\n\n\n<p><\/p>\n\n\n\n<p class=\"has-text-align-center\"><strong>Administrare la nivel de asocia\u021bie &#8211; Alege \u021aara<\/strong><\/p>\n\n\n\n<div class=\"wp-block-buttons is-content-justification-center is-layout-flex wp-container-core-buttons-is-layout-16018d1d wp-block-buttons-is-layout-flex\">\n<div class=\"wp-block-button\"><a class=\"wp-block-button__link wp-element-button\" href=\"https:\/\/inspect.com.ro\/burse\/ua\/login.php\" target=\"_blank\" rel=\"noreferrer noopener\">Ucraina<\/a><\/div>\n<\/div>\n\n\n\n<div class=\"wp-block-buttons is-content-justification-center is-layout-flex wp-container-core-buttons-is-layout-16018d1d wp-block-buttons-is-layout-flex\"><\/div>\n\n\n\n<p><\/p>\n\n\n\n<p><strong>Specifica\u021biile tehnice ale aplica\u021biei<\/strong><\/p>\n\n\n\n<p><strong><em>&nbsp;&nbsp;&nbsp;&nbsp;&nbsp;&nbsp;&nbsp;&nbsp;&nbsp;&nbsp;&nbsp; Specifica\u0163ii tehnice particulare<\/em><\/strong><\/p>\n\n\n\n<ul class=\"wp-block-list\">\n<li>aplica\u021bia folose\u0219te ca motor de baze de date MYSQL<\/li>\n\n\n\n<li>interfe\u021bele online se pot deschide \u00een orice browser de internet<\/li>\n\n\n\n<li>aceste interfe\u021be sunt trei la num\u0103r, c\u00e2te una pentru fiecate tip de utilizator, administrator general, operator teritorial din regiune aflat\u0103 \u00een \u021bara respectiv\u0103 \u0219i utilizatorul final din unitatea de \u00eenv\u0103\u021b\u0103m\u00e2nt<\/li>\n\n\n\n<li>interfe\u021bele sun realizate \u00een PHP<\/li>\n\n\n\n<li>accesul la baza de date se face cu ajutorul protocolului Secure Hyper Text Transfer Protocol (sau HyperText Transfer Protocol\/Secure, abreviat HTTPS) care reprezint\u0103 protocolul HTTP \u00eencapsulat \u00eentr-un flux SSL\/TLS care cripteaz\u0103 datele transmise de la un browser web la un server web, cu scopul de a se oferi o identificare criptat\u0103 \u0219i sigur\u0103 la server<\/li>\n\n\n\n<li>aplica\u021bia se poate accesa de pe orice device inclusiv de pe smatphone<\/li>\n\n\n\n<li>aplica\u021bia permite exportul de date \u00een formatele fisierelor de tip Microsoft Office<\/li>\n\n\n\n<li>datele vor fi stocate \u00een Cloud (pe server administrate de catre furnizorul de servicii) urm\u00e2nd a fi desc\u0103rcate (salvate si transmise c\u0103tre beneficiar) la finalizarea contractului.<\/li>\n\n\n\n<li>\u00een aplica\u021bie se vor introduce informa\u021bii \u0219i se vor genera cereri pentru acordarea burselor\/sprijin financiar, conform unor modele puse la dispozitie de autoritatea contractant\u0103<\/li>\n\n\n\n<li>se va asigura confiden\u021bialitatea tuturor informa\u021biilor \u00eenregistrate<\/li>\n\n\n\n<li>aplica\u021bia gestioneaz\u0103 3 registre cu numere de \u00eenregistrare (Registrul numerelor de \u00eenregistrare pentru burse acordate elevilor, Registrul numerelor de \u00eenregistrare pentru sprijin financiar acordat cadrelor didactice, Registrul numerelor de \u00eenregistrare pentru burse acordate studen\u021bilor) si acord\u0103 num\u0103r \u0219i dat\u0103 pentru fiecare cerere inregistrat\u0103.<\/li>\n\n\n\n<li>Administratorul general poate acorda numere de inregistrare si pentru alte tipuri de documente.<\/li>\n<\/ul>\n\n\n\n<p><strong><em>Specifica\u0163ii tehnice generale<\/em><\/strong><\/p>\n\n\n\n<ul class=\"wp-block-list\">\n<li>Design-ul permite operatorului g\u0103sirea u\u0219oar\u0103 a informa\u021biilor pe care le caut\u0103<\/li>\n\n\n\n<li>Interfa\u021ba prietenoas\u0103, intuitiv\u0103, u\u0219or de utilizat pentru administrarea datelor specifice<\/li>\n\n\n\n<li>Consistenta paginilor web &#8211; asigur\u0103 consisten\u021ba aplica\u021biei web, con\u021binutul fiind introdus automat \u00een layout-ul paginii (rescalarea automat\u0103);<\/li>\n\n\n\n<li>Flexibilitatea aplica\u021biei \u2013 se adapteaz\u0103 foarte usor restructur\u0103rii \u0219i redesignului interfe\u021bei paginilor<\/li>\n\n\n\n<li>Accesul se face pe baz\u0103 de utilizator si parol\u0103, iar aplica\u021bia permite administratorului s\u0103 adauge operatori \u0219i s\u0103 verifice activitatea acestora.<\/li>\n<\/ul>\n\n\n\n<p><strong><em>Arhitectura software<\/em><\/strong><\/p>\n\n\n\n<ul class=\"wp-block-list\">\n<li>Client Side Scripting \u2013 CSS \u0219i HTML<\/li>\n\n\n\n<li>Nu folose\u0219te scripturi de ActiveX Controls \u0219i apleturi Java<\/li>\n\n\n\n<li>Indiferent de cantitatea datelor, aceasta performez\u0103 \u00een condi\u021bii de \u00eenc\u0103rcare minimale \u0219i f\u0103r\u0103 erori.<\/li>\n\n\n\n<li><strong><em>4. Cerinte legate de uzabilitate<\/em><\/strong><\/li>\n\n\n\n<li>Sigla DRP va fi amplasat\u0103 \u00een loc vizibil pe fiecare pagina a site-ului<\/li>\n\n\n\n<li>Meniul de navigare nu va ocupa mai mult de 10% din pagin\u0103<\/li>\n\n\n\n<li>ID unic de identificare pentru operatori<\/li>\n\n\n\n<li>ID unic de identificare pentru asocia\u021biile partenere<\/li>\n\n\n\n<li>ID unic pentru beneficiarii burselor si reprezentan\u021bii acestora<\/li>\n\n\n\n<li>Administratorul va avea posibilitatea de a monitoriza numarul de \u00eenregistr\u0103ri introduse \u0219i&nbsp; timpul la care au fost introduse. Mai multe detalii se reg\u0103sesc rapoartele statistice genarate de aplica\u021bie<\/li>\n<\/ul>\n\n\n\n<p><strong><em>Securitatea datelor<\/em><\/strong><\/p>\n\n\n\n<ul class=\"wp-block-list\">\n<li><strong>Este configurat\u0103 astfel \u00eenc\u00e2t s\u0103 ofere protec\u021bie pentru urm\u0103toarele vulnerabilitati:<\/strong><\/li>\n\n\n\n<li>Cross-site scripting;<\/li>\n\n\n\n<li>Information leakage;<\/li>\n\n\n\n<li>Predictable resource location;<\/li>\n\n\n\n<li>SQL injection;<\/li>\n\n\n\n<li>iFRAME injection;<\/li>\n\n\n\n<li>Insufficient authentication;<\/li>\n\n\n\n<li>Insufficient authorization;<\/li>\n\n\n\n<li>Abuse of functionality;<\/li>\n\n\n\n<li>Directory indexing;<\/li>\n\n\n\n<li>HTTPS response splitting;<\/li>\n<\/ul>\n\n\n\n<p class=\"has-text-align-center\"><strong>Precizez ca acest serviciu informatic este postat \u0219i pe SEAP<\/strong><\/p>\n\n\n\n<p><\/p>\n","protected":false},"excerpt":{"rendered":"<p>Introducere burse Administrare la nivel de asocia\u021bie &#8211; Alege \u021aara Specifica\u021biile tehnice ale aplica\u021biei &nbsp;&nbsp;&nbsp;&nbsp;&nbsp;&nbsp;&nbsp;&nbsp;&nbsp;&nbsp;&nbsp; Specifica\u0163ii tehnice particulare Specifica\u0163ii tehnice generale Arhitectura software Securitatea datelor Precizez ca acest serviciu informatic este postat \u0219i pe SEAP<\/p>\n","protected":false},"author":1,"featured_media":0,"parent":0,"menu_order":0,"comment_status":"closed","ping_status":"closed","template":"","meta":{"footnotes":""},"class_list":["post-303","page","type-page","status-publish","hentry"],"_links":{"self":[{"href":"https:\/\/inspect.com.ro\/index.php\/wp-json\/wp\/v2\/pages\/303","targetHints":{"allow":["GET"]}}],"collection":[{"href":"https:\/\/inspect.com.ro\/index.php\/wp-json\/wp\/v2\/pages"}],"about":[{"href":"https:\/\/inspect.com.ro\/index.php\/wp-json\/wp\/v2\/types\/page"}],"author":[{"embeddable":true,"href":"https:\/\/inspect.com.ro\/index.php\/wp-json\/wp\/v2\/users\/1"}],"replies":[{"embeddable":true,"href":"https:\/\/inspect.com.ro\/index.php\/wp-json\/wp\/v2\/comments?post=303"}],"version-history":[{"count":10,"href":"https:\/\/inspect.com.ro\/index.php\/wp-json\/wp\/v2\/pages\/303\/revisions"}],"predecessor-version":[{"id":319,"href":"https:\/\/inspect.com.ro\/index.php\/wp-json\/wp\/v2\/pages\/303\/revisions\/319"}],"wp:attachment":[{"href":"https:\/\/inspect.com.ro\/index.php\/wp-json\/wp\/v2\/media?parent=303"}],"curies":[{"name":"wp","href":"https:\/\/api.w.org\/{rel}","templated":true}]}}