{"id":3,"date":"2022-12-16T16:30:51","date_gmt":"2022-12-16T16:30:51","guid":{"rendered":"https:\/\/inspect.com.ro\/?page_id=3"},"modified":"2022-12-19T16:02:16","modified_gmt":"2022-12-19T14:02:16","slug":"politica-de-confidentialitate","status":"publish","type":"page","link":"https:\/\/inspect.com.ro\/index.php\/politica-de-confidentialitate\/","title":{"rendered":"Politic\u0103 de confiden\u021bialitate"},"content":{"rendered":"\n<p>V\u0103 mul\u021bumim pentru vizita dvs. Trat\u0103m cu maxim\u0103 seriozitate protec\u021bia confiden\u021bialit\u0103\u021bii dvs. \u0219i dorim s\u0103 v\u0103 sim\u021bi\u021bi proteja\u021bi \u00een timpul vizitei. Atunci c\u00e2nd colect\u0103m, proces\u0103m \u0219i utiliz\u0103m datele dvs. personale, respect\u0103m prevederile legale in vigoare, inclusiv&nbsp;<a href=\"http:\/\/liviunita.ro\/regulament_2016_679.pdf\" target=\"_blank\" rel=\"noreferrer noopener\">GDPR \u2013 Regulamentul EU 2016\/679<\/a>&nbsp;pentru protec\u021bia persoanelor cu privire la prelucrarea datelor cu caracter personal \u0219i libera circula\u021bie a acestor date. Aceast\u0103 politic\u0103 de confiden\u021bialitate se aplic\u0103 doar pentru acest website.<\/p>\n\n\n\n<p><strong>Politic\u0103 de confiden\u021bialitate pentru Solu\u021biile DIVERSIA<\/strong><\/p>\n\n\n\n<p>Prezenta politic\u0103 de confiden\u021bialitate se aplic\u0103 tuturor Solu\u021biilor DIVERSIA \u0219i serviciilor de suport conexe, inclusiv cre\u0103rii unui cont individual pe DIVERSIA. Prezentul document prezint\u0103 care sunt datele cu caracter personal pe care le colect\u0103m, cum \u0219i unde le putem utiliza, cum le protej\u0103m, cine are acces la acestea, cu cine le partaj\u0103m \u0219i cum le pute\u021bi corecta.<\/p>\n\n\n\n<ol class=\"wp-block-list\">\n<li><strong>Informa\u021bii generale<\/strong><\/li>\n<\/ol>\n\n\n\n<p>NITA LIVIU \u2013 INTELLIGENT ASSISTANCE . (asignat\u0103 \u00een continuare cu DIVERSIA ), cu sediul social \u00een BAC\u0102U STR. ECATERINA TEODOROIU NR. 30, \u00eenregistrat\u0103 la Registrul Comer\u021bului din BAC\u0102U cu num\u0103rul F4\/1165\/2014, cod fiscal 33836933, prelucreaz\u0103 date cu caracter personal \u00een conformitate cu legisla\u021bia european\u0103 referitoare la protec\u021bia datelor (GDPR \u2013 Regulamentul EU 2016\/679).<\/p>\n\n\n\n<p>Principiul nostru aplicat datelor pe care le colect\u0103m este secretizarea tuturor datelor tehnice care pot fi utilizate de DIVERSIA doar \u00een scopurile men\u021bionate prin contract. \u00cen cazurile \u00een care secretizarea perfect\u0103 a datelor tehnice nu este posibil\u0103, eventuala identificare a unui utilizator poate fi posibil\u0103 doar \u00een cazuri foarte limitate \u0219i doar de c\u0103tre speciali\u0219ti IT cu \u00eenalt\u0103 calificare.<\/p>\n\n\n\n<p>Datele cu caracter personal, conform defini\u021biei din legisla\u021bia european\u0103 (GDPR \u2013 Regulamentul 2016\/679) \u00eenseamn\u0103:orice informa\u021bii privind o persoan\u0103 fizic\u0103 identificat\u0103 sau identificabil\u0103 (\u201epersoana vizat\u0103\u201d); o persoan\u0103 fizic\u0103 identificabil\u0103 este o persoan\u0103 care poate fi identificat\u0103, direct sau indirect, \u00een special prin referire la un element de identificare, cum ar fi un nume \u0219i prenume, cnp, num\u0103r de telefon sau email;<\/p>\n\n\n\n<p><strong>\u00cen acest context, DIVERSIA prelucreaz\u0103 date cu caracter personal doar pentru sopurile pre<\/strong><strong>v\u0103zute contractual.<\/strong><\/p>\n\n\n\n<ol class=\"wp-block-list\" start=\"2\">\n<li><strong>Datele cu caracter personal colectate<\/strong><\/li>\n<\/ol>\n\n\n\n<p>DIVERSIA poate colecta informa\u021bii cu caracter personal de la utilizatorii contractuali \u00een dou\u0103 moduri diferite:<\/p>\n\n\n\n<ol class=\"wp-block-list\">\n<li>Dac\u0103 acestea sunt furnizate \u00een mod direct de un utilizator;<\/li>\n\n\n\n<li>Dac\u0103 acestea sunt furnizate \u00een mod indirect de persoana contractant\u0103.<\/li>\n\n\n\n<li><strong>Protejarea Datelor cu caracter personal<\/strong><\/li>\n<\/ol>\n\n\n\n<p>DIVERSIA poate g\u0103zdui date cu caracter personal \u00een Rom\u00e2nia, &nbsp;dar \u0219i \u00een Uniunea European\u0103 sau \u00een orice alt spa\u021biu juridic care ofer\u0103 un nivel adecvat de protec\u021bie a datelor cu caracter personal conform standardelor Uniunii Europene.<\/p>\n\n\n\n<p>Av\u00e2nd \u00een vedere obliga\u021biile de confiden\u021bialitate \u0219i cerin\u021bele referitoare la securitate, informa\u021biile specifice care fac referire la nume \u0219i detaliile fiec\u0103rui operator utilizat vor fi transmise doar autorit\u0103\u021bilor competente.<\/p>\n\n\n\n<p>Sunt utilizate urm\u0103toarele tipuri de operatori de date:<\/p>\n\n\n\n<ul class=\"wp-block-list\">\n<li>Servicii de g\u0103zduire baze de date din Rom\u00e2nia sau Uniunea European\u0103;<\/li>\n\n\n\n<li>Mesaje transmise prin intermediul canalelor de email sau SMS \u00een Rom\u00e2nia sau Uniunea European\u0103;<\/li>\n<\/ul>\n\n\n\n<p>Accesul la anumite sec\u021biuni ale site-urilor DIVERSIA este protejat printr-un nume de utilizator \u0219i o parol\u0103. V\u0103 recomand\u0103m s\u0103 nu dezv\u0103lui\u021bi aceast\u0103 parol\u0103. DIVERSIA nu va solicita niciodat\u0103 parola contului dumneavoastr\u0103 prin intermediul unui mesaj sau apel telefonic. V\u0103 recomand\u0103m s\u0103 nu dezv\u0103lui\u021bi parola niciunei persoane care v\u0103 solicit\u0103 acest lucru. Dac\u0103 este posibil, v\u0103 recomand\u0103m de asemenea s\u0103 v\u0103 deconecta\u021bi din contul de servicii online dup\u0103 fiecare sesiune. De asemenea, v\u0103 recomand\u0103m s\u0103 \u00eenchide\u021bi fereastra browserului dup\u0103 navigare sau dup\u0103 ce a\u021bi utilizat serviciile DIVERSIA .<\/p>\n\n\n\n<p>Din p\u0103cate, transferul de date pe Internet nu poate fi sigur \u00een propor\u021bie de 100%. Prin urmare, \u00een pofida eforturilor noastre de a proteja datele cu caracter personal, DIVERSIA nu poate asigura sau garanta securitatea informa\u021biilor transmise de utilizator dec\u00e2t \u00een momentul \u00een care informa\u021biile se afl\u0103 pe serverele noastre. Transmiterea oric\u0103ror informa\u021bii se face pe propriul dumneavoastr\u0103 risc.<\/p>\n\n\n\n<ol class=\"wp-block-list\" start=\"4\">\n<li><strong>Cine are acces la datele cu caracter personal<\/strong><\/li>\n<\/ol>\n\n\n\n<p>DIVERSIA nu va dezv\u0103lui ter\u021bilor date cu caracter personal cu privire la utilizatorii s\u0103i, excep\u021bie f\u0103c\u00e2nd organele competente conform legislatiei \u00een vigoare la momentul respectiv.<\/p>\n\n\n\n<ol class=\"wp-block-list\" start=\"5\">\n<li><strong>Cum pot fi corectate erorile referitoare la datele cu caracter personal<\/strong><\/li>\n<\/ol>\n\n\n\n<p>Atunci c\u00e2nd crea\u021bi un cont pe site-urile DIVERSIA sau pentru unul dintre serviciile noastre, va fi trimis un e-mail de confirmare care va include detaliile contului dumneavoastr\u0103. E-mailul de confirmare va fi trimis la adresa de e-mail pe care a\u021bi introdus-o \u0219i poate descrie modurile \u00een care pute\u021bi modifica sau \u0219terge contul pe care l-a\u021bi creat. V\u0103 recomand\u0103m s\u0103 p\u0103stra\u021bi acest e-mail de confirmare, deoarece include informa\u021bii utile referitoare la accesul la serviciile noastre. Orice modificare solicitat\u0103 va fi solu\u021bionat\u0103 \u00een maxim 15 zile de la momentul \u00een care a fost primit\u0103 solicitarea scris\u0103 a utilizatorului.<\/p>\n\n\n\n<ol class=\"wp-block-list\" start=\"6\">\n<li><strong>Drepturile dumneavoastr\u0103 referitoare la datele cu caracter personal<\/strong><\/li>\n<\/ol>\n\n\n\n<p>Conform legisla\u021biei de protec\u021bie a datelor aplicabil\u0103 la nivelul Uniunii Europene (GDPR), persoanele vizate pot avea dreptul de a accesa datele, de a le rectifica, de a solicita \u0219tergerea lor, de a limita prelucrarea acestora, de a formula obiec\u021biuni referitoare la prelucrare, precum \u0219i dreptul la portabilitatea datelor.<\/p>\n\n\n\n<p>Pentru exercitarea acestor drepturi, pute\u021bi trimite o cerere scris\u0103, datat\u0103 \u0219i semnat\u0103, la sediul social al DIVERSIA men\u021bionat mai sus sau prin e-mail, Ofi\u021berului \u00eens\u0103rcinat cu protec\u021bia datelor, la adresa office@intelligentassistance.ro<\/p>\n\n\n\n<ol class=\"wp-block-list\" start=\"7\">\n<li><strong>Data public\u0103rii<\/strong><\/li>\n<\/ol>\n\n\n\n<p>Politica de confiden\u021bialitate a fost adoptat\u0103 la data de 28 mai 2018 \u0219i va fi modificat\u0103 de fiecare dat\u0103 c\u00e2nd este necesar, f\u0103r\u0103 notificare prealabil\u0103 sau viitoare cu privire la modific\u0103rile respective. Noua versiune va intra \u00een vigoare atunci c\u00e2nd este publicat\u0103 pe site-ul web \u0219i va fi marcat\u0103 \u00een mod corespunz\u0103tor.<\/p>\n\n\n\n<p><strong>Colectarea anonim\u0103 a datelor<\/strong><br>\u00cen principiu, ne pute\u021bi vizita website-ul f\u0103r\u0103 s\u0103 ne dezv\u0103lui\u021bi identitatea dvs. Afl\u0103m doar denumirea furnizorului dvs. de internet. R\u0103m\u00e2ne\u021bi anonim ca utilizator individual.<\/p>\n\n\n\n<p><strong>Colectarea, utilizarea, transmiterea \u0219i procesare datelor dvs. personale<\/strong><br>Dac\u0103 ne furniza\u021bi datele dvs. personale, le utiliz\u0103m \u00een conformitate cu prevederile GDPR \u2013 Regulamentul EU 2016\/679 pentru protec\u021bia persoanelor cu privire la prelucrarea datelor cu caracter personal si libera circuatie a acestor date pentru implementarea contractului, procesarea cererii dvs. \u0219i colectarea crean\u021belor.<\/p>\n\n\n\n<p><strong>NU STOCAM DATELE DE CONEXIUNE<\/strong><\/p>\n\n\n\n<p><strong>Drepturile pe care le aveti in legatura cu procesarea datelor dvs. personale<\/strong><br>In conformitate cu GDPR \u2013 Regulamentul EU 2016\/679 pentru protectia persoanelor cu privire la prelucrarea datelor cu caracter personal si libera circulatie a acestor date beneficiati de urmatoarele drepturi: dreptul de acces la date, de interven\u021bie asupra datelor, dreptul de opozi\u021bie, dreptul de a nu fi supus unei decizii individuale si dreptul de a v\u0103 adresa justi\u021biei si A.N.S.P.D.C.P. pentru apararea oricaruia dintre aceste drepturi.<\/p>\n\n\n\n<p><strong>\u00centreb\u0103ri frecvente despre Protec\u021bia Datelor<\/strong><\/p>\n\n\n\n<p>Datele personale \u00eenseamn\u0103 informa\u021biile care v\u0103 pot fi atribuite personal, de exemplu numele, adresa, num\u0103rul de telefon \u0219i adresa de e-mail. Acestea nu includ informa\u021biile care nu se refer\u0103 \u00een mod direct la dvs. personal.<\/p>\n\n\n\n<p><strong>Ce face NI\u021a\u0102 LIVIU \u2013 INTELLIGENT ASSISTANCE PFA cu datele mele?<\/strong><br>Datele personale colectate din website-urile NI\u021a\u0102 LIVIU \u2013 INTELLIGENT ASSISTANCE PFA sunt procesate \u0219i utilizate doar pentru executarea contractelor \u0219i solu\u021bionarea \u00eentreb\u0103rilor dvs.<\/p>\n\n\n\n<p><strong>Am dreptul la modificarea, blocarea sau \u0219tergerea datelor?<\/strong><br>Ave\u021bi dreptul s\u0103 v\u0103 corecta\u021bi \u00een orice moment datele inexacte. \u00cen cazuri speciale, v\u0103 pute\u021bi rectifica, actualiza, bloca sau \u0219terge datele dac\u0103 prelucrarea acestora nu este conforma cu legea, \u00een special dac\u0103 datele incomplete sau inexacte. Pentru exercitarea acestor drepturi, pute\u021bi \u00eenainta c\u0103tre noi o cerere \u00eentocmita \u00een forma scrisa, data \u0219i semnata. \u00cen cuprinsul cererii, dvs. pute\u021bi indica dac\u0103 dori\u021bi ca informa\u021biile sa va fie comunicate la o anumita adresa, care poate fi \u0219i de posta electronica, sau printr-un serviciu de corespondenta care sa asigure ca predarea vi se va face dvs. personal.<\/p>\n\n\n\n<p><strong>Datele mele vor fi transmise unor ter\u021bi?<\/strong><br>Datele dvs. nu vor fi transmise. Cu toate acestea, putem apela la prestatori de servicii care v\u0103 proceseaz\u0103 cererile \u0219i utilizarea serviciilor noastre. Ace\u0219ti prestatori de servicii au fost obliga\u021bi de noi prin contract s\u0103 respecte prevederile legale privind protec\u021bia datelor \u0219i nu sunt considera\u021bi ter\u021bi din punctul de vedere al protec\u021biei datelor. Ori de ca\u021be ori datele dumneavoastr\u0103 vor fi procesate de alte persoane dec\u00e2t Ni\u021b\u0103 Liviu \u2013 INTELLIGENT ASSISTANCE PFA, ve\u021bi fi \u00een\u0219tiin\u021bat.<\/p>\n\n\n\n<p><strong>Dar e-mail-urile?<\/strong><br>Dac\u0103 ne transmite\u021bi mesaje utiliz\u00e2nd formularele existente pe website, v\u0103 rug\u0103m s\u0103 \u021bine\u021bi seama c\u0103 e-mailurile dvs., ca \u0219i datele pe care le introduce\u021bi \u00een formulare, sunt transmise f\u0103r\u0103 o tehnologie de codificare.<\/p>\n\n\n\n<p>Atunci c\u00e2nd comunica\u021bi prin e-mail, datele pe care le-a\u021bi introdus pot fi vizualizate de ter\u021bi sau chiar modificate atunci c\u00e2nd sunt \u00een curs de transmitere c\u0103tre noi. \u00cen ceea ce ne prive\u0219te, nu putem garanta protec\u021bia datelor dvs. \u00een timpul transmiterii. \u00cen principiu, este posibil ca anumi\u021bi ter\u021bi neautoriza\u021bi (hackeri, etc.) s\u0103 poat\u0103 intercepta \u0219i citi datele dvs. sau chiar utiliza con\u021binutul acestora. Acest lucru se poate \u00eent\u00e2mpla f\u0103r\u0103 s\u0103 fi\u021bi notificat. Acela\u0219i lucru se aplic\u0103 \u0219i atunci c\u00e2nd noi r\u0103spundem cererii dvs. prin e-mail. De\u0219i probabilitatea intercept\u0103rii mesajului dvs. c\u0103tre noi \u0219i r\u0103spunsului dvs. de un hacker poate fi considerat foarte sc\u0103zut, \u00een prezent v\u0103 putem sf\u0103tui doar s\u0103 evita\u021bi comunicarea prin e-mail dac\u0103 dori\u021bi s\u0103 exclude\u021bi acest risc.<\/p>\n\n\n\n<p>Dac\u0103 ne transmite\u021bi date personale prin e-mail, face\u021bi acest lucru din proprie voin\u021b\u0103 \u0219i pe propria responsabilitate. Informa\u021bi-ne dac\u0103 nu dori\u021bi s\u0103 v\u0103 r\u0103spundem prin e-mail. Altfel, presupunem c\u0103, dac\u0103 ne-a\u021bi contactat prin e-mail, sunte\u021bi de acord s\u0103 primi\u021bi r\u0103spuns tot prin e-mail. Dac\u0103 v\u0103 transmitem un r\u0103spuns prin e-mail, \u00een interesul confiden\u021bialit\u0103\u021bi, nu vom transmite informa\u021bii sensibile \u0219i vom redacta mesajul e-mailului \u00een termeni generali. Vom transmite \u00eentotdeauna comunic\u0103rile care sunt supuse protec\u021biei datelor ca o scrisoare normal\u0103. De aceea, v\u0103 recomand\u0103m s\u0103 ne trimite\u021bi adresa po\u0219tal\u0103 complet\u0103 cu fiecare cerere prin e-mail astfel \u00eenc\u00e2t s\u0103 putem r\u0103spunde prin scrisoare, dac\u0103 este necesar. Dac\u0103 ne trimite\u021bi un e-mail, adresa dvs. de e-mail va fi utilizat\u0103 doar pentru coresponden\u021ba cu dvs. Dac\u0103 dori\u021bi s\u0103 ne transmite\u021bi un e-mail cu con\u021binut sensibil, v\u0103 \u00eendemn\u0103m s\u0103-l codifica\u021bi pentru a \u00eempiedica vizualizarea neautorizat\u0103 \u0219i falsificarea \u00een timpul transmisiei.<br><strong>Se aplic\u0103 aceast\u0103 politic\u0103 de confiden\u021bialitate \u0219i website-urilor altor furnizori?<\/strong><br>Aceste declara\u021bii privind protec\u021bia datelor nu se aplic\u0103 website-urilor provenite de la al\u021bi furnizori care pot fi accesate prin link-urile din website-urile grupului NI\u021a\u0102 LIVIU \u2013 INTELLIGENT ASSISTANCE PFA.<br><strong>Dar securitatea tehnic\u0103 utilizat\u0103 \u00een timpul transmisiei datelor mele?<\/strong><br>Datele personale salvate de NI\u021a\u0102 LIVIU \u2013 INTELLIGENT ASSISTANCE PFA sunt stocate \u00een medii opera\u021bionale securizate \u0219i nu sunt accesibile publicului. \u00cen anumite cazuri, spre exemplu atunci c\u00e2nd sunt specificate datele dvs. de acces pentru func\u021bia contului web, datele personale sunt codate utiliz\u00e2nd tehnologie securizat\u0103 \u00eenainte ca tranzac\u021bia s\u0103 fie \u00eendeplinit\u0103. Serverele noastre utilizeaz\u0103 tehnologia Secure Socket Layer (SSL) pentru a proteja transmisia datelor personale. Acest lucru \u00eenseamn\u0103 c\u0103 comunicarea \u00eentre dvs. \u0219i serverele NI\u021a\u0102 LIVIU \u2013 INTELLIGENT ASSISTANCE PFA au loc cu ajutorul unei metode recunoscute de codare (\u00een prezent SSL Versiunea 3, 128 bit).<\/p>\n\n\n\n<p>Dac\u0103 browserul dvs. suport\u0103 SSL, aceast\u0103 func\u021bie va proteja transmisia datelor personale. \u00cen acest caz, cele mai multe browsere v\u0103 vor spune dac\u0103 protocolul SSL este suportat, prin afi\u0219area unei c\u0103su\u021be mici de dialog sau a unei pictograme. Pute\u021bi g\u0103si mai multe informa\u021bii prin func\u021bia de ajutor a browserelor. Aproape toate browserele moderne suport\u0103 SSL. Dac\u0103 browser-ul dvs. are func\u021bionalitate limitat\u0103 \u0219i dvs. nu pute\u021bi utiliza SSL, v\u0103 recomand\u0103m s\u0103 utiliza\u021bi versiunea cea mai recent\u0103.<\/p>\n\n\n\n<p><strong>Datele conexiunii mele vor fi salvate?<\/strong><br>NI\u021a\u0102 LIVIU \u2013 INTELLIGENT ASSISTANCE PFA&nbsp;<strong>NU<\/strong>&nbsp;salveaz\u0103 fi\u0219iere log \u00een timpul vizitelor site-urilor.<\/p>\n\n\n\n<p>Pentru \u00eentreb\u0103ri, comentarii, reclama\u021bii \u0219i cereri de informa\u021bii legate de declara\u021bia noastr\u0103 privind protec\u021bia datelor \u0219i procesarea datelor personale, v\u0103 rug\u0103m s\u0103 ne contacta\u021bi la urm\u0103toarea adres\u0103:<br>Str. Ecaterina Teodoroiu 30. Loc. Bac\u0103u jud. Bac\u0103u.<\/p>\n\n\n\n<p>office@intelligentassistance.ro<\/p>\n","protected":false},"excerpt":{"rendered":"<p>V\u0103 mul\u021bumim pentru vizita dvs. Trat\u0103m cu maxim\u0103 seriozitate protec\u021bia confiden\u021bialit\u0103\u021bii dvs. \u0219i dorim s\u0103 v\u0103 sim\u021bi\u021bi proteja\u021bi \u00een timpul vizitei. Atunci c\u00e2nd colect\u0103m, proces\u0103m \u0219i utiliz\u0103m datele dvs. personale, respect\u0103m prevederile legale in vigoare, inclusiv&nbsp;GDPR \u2013 Regulamentul EU 2016\/679&nbsp;pentru protec\u021bia persoanelor cu privire la prelucrarea datelor cu caracter personal \u0219i libera circula\u021bie a acestor\u2026 <span class=\"read-more\"><a href=\"https:\/\/inspect.com.ro\/index.php\/politica-de-confidentialitate\/\">Cite\u0219te mai mult &raquo;<\/a><\/span><\/p>\n","protected":false},"author":1,"featured_media":0,"parent":0,"menu_order":0,"comment_status":"closed","ping_status":"open","template":"","meta":{"footnotes":""},"class_list":["post-3","page","type-page","status-publish","hentry"],"_links":{"self":[{"href":"https:\/\/inspect.com.ro\/index.php\/wp-json\/wp\/v2\/pages\/3","targetHints":{"allow":["GET"]}}],"collection":[{"href":"https:\/\/inspect.com.ro\/index.php\/wp-json\/wp\/v2\/pages"}],"about":[{"href":"https:\/\/inspect.com.ro\/index.php\/wp-json\/wp\/v2\/types\/page"}],"author":[{"embeddable":true,"href":"https:\/\/inspect.com.ro\/index.php\/wp-json\/wp\/v2\/users\/1"}],"replies":[{"embeddable":true,"href":"https:\/\/inspect.com.ro\/index.php\/wp-json\/wp\/v2\/comments?post=3"}],"version-history":[{"count":1,"href":"https:\/\/inspect.com.ro\/index.php\/wp-json\/wp\/v2\/pages\/3\/revisions"}],"predecessor-version":[{"id":32,"href":"https:\/\/inspect.com.ro\/index.php\/wp-json\/wp\/v2\/pages\/3\/revisions\/32"}],"wp:attachment":[{"href":"https:\/\/inspect.com.ro\/index.php\/wp-json\/wp\/v2\/media?parent=3"}],"curies":[{"name":"wp","href":"https:\/\/api.w.org\/{rel}","templated":true}]}}