{"id":225,"date":"2023-05-08T16:44:10","date_gmt":"2023-05-08T14:44:10","guid":{"rendered":"https:\/\/inspect.com.ro\/?page_id=225"},"modified":"2025-07-25T09:58:32","modified_gmt":"2025-07-25T07:58:32","slug":"acces-aplicatie-burse-scolare-si-acte-de-studii","status":"publish","type":"page","link":"https:\/\/inspect.com.ro\/index.php\/acces-aplicatie-burse-scolare-si-acte-de-studii\/","title":{"rendered":"Burse \u0219colare"},"content":{"rendered":"\n<p class=\"has-text-align-center\"><strong>APLICA\u021aIE SOFTWARE ONLINE<\/strong><\/p>\n\n\n\n<p class=\"has-text-align-center\"><strong>PENTRU BURSE \u0218COLARE<\/strong><strong><\/strong><\/p>\n\n\n\n<p>Aplica\u021bie online de gestionare a burselor \u0219colare 600 lei anual. Pentru un volum mare de lucru se poate lucra concuren\u021bial de pe mai multe calculatoare \u00een acela\u0219i timp.<\/p>\n\n\n\n<p>Deoarece se lucreaz\u0103 \u00eentr-un browser de web datele sunt disponibile oriunde vre\u021bi s\u0103 le accesa\u021bi, sau partaja\u021bi, fie cu un calculator sau un telefon smart. <mark style=\"background-color:rgba(0, 0, 0, 0)\" class=\"has-inline-color has-vivid-red-color\">Se poate genera automat fi\u0219ierul xml pentru validare \u00een OPME \u0219i trimitere la Trezorerie.<\/mark><\/p>\n\n\n\n<p class=\"has-text-align-center\"><strong>info. seap<br>Aplica\u021bie online de gestionare a burselor \u0219colare.<br>Num\u0103r referin\u021b\u0103: 11<br>cif: 33836933<br>CPV: 48900000-7 \u2013 Diverse pachete software si sisteme informatice (Rev.2)<\/strong><\/p>\n\n\n\n<p class=\"has-text-align-center\"><strong>Informa\u021bii de lucru:<\/strong><\/p>\n\n\n\n<p>Atunci c\u00e2nd deschide\u021bi o lun\u0103 nou\u0103, acest lucru se face cu num\u0103rul de zile lucr\u0103toare pe care \u00eel introduce\u021bi la deschiderea lunii, copiind bursierii din luna respectiv\u0103 cu toate datele.<\/p>\n\n\n\n<p>Modific\u0103rile num\u0103rului de zile de studiu se poate face individual sau select\u00e2nd mai multe \u00eenregistr\u0103ri, sau toate, dac\u0103 a\u021bi aplicat filtr\u0103ri asem\u0103n\u0103toare cu cele din Excel, actualiz\u00e2nd num\u0103rul de zile de \u0219coal\u0103 la valorile dorite pentru mai mul\u021bi odat\u0103.<\/p>\n\n\n\n<p class=\"has-text-align-center\"><strong>Mai jos ave\u021bi imagini din aplica\u021bia online. <\/strong><br><strong>Pentru mai multe detalii suna\u021bi la 0755 65 67 02 de luni p\u00e2n\u0103 vineri \u00eentre orele 9 \u0219i 16.<\/strong><\/p>\n\n\n<div class=\"wp-block-image\">\n<figure class=\"aligncenter size-full\"><a href=\"https:\/\/inspect.com.ro\/wp-content\/uploads\/2025\/07\/0.jpg\" target=\"_blank\" rel=\" noreferrer noopener\"><img loading=\"lazy\" decoding=\"async\" width=\"796\" height=\"616\" src=\"https:\/\/inspect.com.ro\/wp-content\/uploads\/2025\/07\/0.jpg\" alt=\"\" class=\"wp-image-593\" srcset=\"https:\/\/inspect.com.ro\/wp-content\/uploads\/2025\/07\/0.jpg 796w, https:\/\/inspect.com.ro\/wp-content\/uploads\/2025\/07\/0-300x232.jpg 300w, https:\/\/inspect.com.ro\/wp-content\/uploads\/2025\/07\/0-768x594.jpg 768w, https:\/\/inspect.com.ro\/wp-content\/uploads\/2025\/07\/0-660x511.jpg 660w\" sizes=\"auto, (max-width: 796px) 100vw, 796px\" \/><\/a><\/figure>\n<\/div>\n\n<div class=\"wp-block-image\">\n<figure class=\"aligncenter size-large\"><a href=\"https:\/\/inspect.com.ro\/wp-content\/uploads\/2025\/07\/1.jpg\" target=\"_blank\" rel=\" noreferrer noopener\"><img loading=\"lazy\" decoding=\"async\" width=\"1024\" height=\"302\" src=\"https:\/\/inspect.com.ro\/wp-content\/uploads\/2025\/07\/1-1024x302.jpg\" alt=\"\" class=\"wp-image-594\" srcset=\"https:\/\/inspect.com.ro\/wp-content\/uploads\/2025\/07\/1-1024x302.jpg 1024w, https:\/\/inspect.com.ro\/wp-content\/uploads\/2025\/07\/1-300x89.jpg 300w, https:\/\/inspect.com.ro\/wp-content\/uploads\/2025\/07\/1-768x227.jpg 768w, https:\/\/inspect.com.ro\/wp-content\/uploads\/2025\/07\/1-1536x453.jpg 1536w, https:\/\/inspect.com.ro\/wp-content\/uploads\/2025\/07\/1-660x195.jpg 660w, https:\/\/inspect.com.ro\/wp-content\/uploads\/2025\/07\/1.jpg 1877w\" sizes=\"auto, (max-width: 1024px) 100vw, 1024px\" \/><\/a><\/figure>\n<\/div>\n\n<div class=\"wp-block-image\">\n<figure class=\"aligncenter size-large\"><a href=\"https:\/\/inspect.com.ro\/wp-content\/uploads\/2025\/07\/2.jpg\" target=\"_blank\" rel=\" noreferrer noopener\"><img loading=\"lazy\" decoding=\"async\" width=\"1024\" height=\"553\" src=\"https:\/\/inspect.com.ro\/wp-content\/uploads\/2025\/07\/2-1024x553.jpg\" alt=\"\" class=\"wp-image-595\" srcset=\"https:\/\/inspect.com.ro\/wp-content\/uploads\/2025\/07\/2-1024x553.jpg 1024w, https:\/\/inspect.com.ro\/wp-content\/uploads\/2025\/07\/2-300x162.jpg 300w, https:\/\/inspect.com.ro\/wp-content\/uploads\/2025\/07\/2-768x415.jpg 768w, https:\/\/inspect.com.ro\/wp-content\/uploads\/2025\/07\/2-1536x829.jpg 1536w, https:\/\/inspect.com.ro\/wp-content\/uploads\/2025\/07\/2-660x356.jpg 660w, https:\/\/inspect.com.ro\/wp-content\/uploads\/2025\/07\/2.jpg 1869w\" sizes=\"auto, (max-width: 1024px) 100vw, 1024px\" \/><\/a><\/figure>\n<\/div>\n\n<div class=\"wp-block-image\">\n<figure class=\"aligncenter size-large\"><a href=\"https:\/\/inspect.com.ro\/wp-content\/uploads\/2025\/07\/3.jpg\" target=\"_blank\" rel=\" noreferrer noopener\"><img loading=\"lazy\" decoding=\"async\" width=\"1024\" height=\"424\" src=\"https:\/\/inspect.com.ro\/wp-content\/uploads\/2025\/07\/3-1024x424.jpg\" alt=\"\" class=\"wp-image-596\" srcset=\"https:\/\/inspect.com.ro\/wp-content\/uploads\/2025\/07\/3-1024x424.jpg 1024w, https:\/\/inspect.com.ro\/wp-content\/uploads\/2025\/07\/3-300x124.jpg 300w, https:\/\/inspect.com.ro\/wp-content\/uploads\/2025\/07\/3-768x318.jpg 768w, https:\/\/inspect.com.ro\/wp-content\/uploads\/2025\/07\/3-1536x635.jpg 1536w, https:\/\/inspect.com.ro\/wp-content\/uploads\/2025\/07\/3-660x273.jpg 660w, https:\/\/inspect.com.ro\/wp-content\/uploads\/2025\/07\/3.jpg 1883w\" sizes=\"auto, (max-width: 1024px) 100vw, 1024px\" \/><\/a><\/figure>\n<\/div>\n\n<div class=\"wp-block-image\">\n<figure class=\"aligncenter size-large\"><a href=\"https:\/\/inspect.com.ro\/wp-content\/uploads\/2025\/07\/4.jpg\" target=\"_blank\" rel=\" noreferrer noopener\"><img loading=\"lazy\" decoding=\"async\" width=\"1024\" height=\"557\" src=\"https:\/\/inspect.com.ro\/wp-content\/uploads\/2025\/07\/4-1024x557.jpg\" alt=\"\" class=\"wp-image-597\" srcset=\"https:\/\/inspect.com.ro\/wp-content\/uploads\/2025\/07\/4-1024x557.jpg 1024w, https:\/\/inspect.com.ro\/wp-content\/uploads\/2025\/07\/4-300x163.jpg 300w, https:\/\/inspect.com.ro\/wp-content\/uploads\/2025\/07\/4-768x418.jpg 768w, https:\/\/inspect.com.ro\/wp-content\/uploads\/2025\/07\/4-1536x836.jpg 1536w, https:\/\/inspect.com.ro\/wp-content\/uploads\/2025\/07\/4-660x359.jpg 660w, https:\/\/inspect.com.ro\/wp-content\/uploads\/2025\/07\/4.jpg 1871w\" sizes=\"auto, (max-width: 1024px) 100vw, 1024px\" \/><\/a><\/figure>\n<\/div>\n\n<div class=\"wp-block-image\">\n<figure class=\"aligncenter size-large\"><a href=\"https:\/\/inspect.com.ro\/wp-content\/uploads\/2025\/07\/5.jpg\" target=\"_blank\" rel=\" noreferrer noopener\"><img loading=\"lazy\" decoding=\"async\" width=\"1024\" height=\"557\" src=\"https:\/\/inspect.com.ro\/wp-content\/uploads\/2025\/07\/5-1024x557.jpg\" alt=\"\" class=\"wp-image-598\" srcset=\"https:\/\/inspect.com.ro\/wp-content\/uploads\/2025\/07\/5-1024x557.jpg 1024w, https:\/\/inspect.com.ro\/wp-content\/uploads\/2025\/07\/5-300x163.jpg 300w, https:\/\/inspect.com.ro\/wp-content\/uploads\/2025\/07\/5-768x417.jpg 768w, https:\/\/inspect.com.ro\/wp-content\/uploads\/2025\/07\/5-1536x835.jpg 1536w, https:\/\/inspect.com.ro\/wp-content\/uploads\/2025\/07\/5-660x359.jpg 660w, https:\/\/inspect.com.ro\/wp-content\/uploads\/2025\/07\/5.jpg 1869w\" sizes=\"auto, (max-width: 1024px) 100vw, 1024px\" \/><\/a><\/figure>\n<\/div>\n\n<div class=\"wp-block-image\">\n<figure class=\"aligncenter size-large\"><a href=\"https:\/\/inspect.com.ro\/wp-content\/uploads\/2025\/07\/6.jpg\" target=\"_blank\" rel=\" noreferrer noopener\"><img loading=\"lazy\" decoding=\"async\" width=\"1024\" height=\"549\" src=\"https:\/\/inspect.com.ro\/wp-content\/uploads\/2025\/07\/6-1024x549.jpg\" alt=\"\" class=\"wp-image-599\" srcset=\"https:\/\/inspect.com.ro\/wp-content\/uploads\/2025\/07\/6-1024x549.jpg 1024w, https:\/\/inspect.com.ro\/wp-content\/uploads\/2025\/07\/6-300x161.jpg 300w, https:\/\/inspect.com.ro\/wp-content\/uploads\/2025\/07\/6-768x412.jpg 768w, https:\/\/inspect.com.ro\/wp-content\/uploads\/2025\/07\/6-1536x823.jpg 1536w, https:\/\/inspect.com.ro\/wp-content\/uploads\/2025\/07\/6-660x354.jpg 660w, https:\/\/inspect.com.ro\/wp-content\/uploads\/2025\/07\/6.jpg 1873w\" sizes=\"auto, (max-width: 1024px) 100vw, 1024px\" \/><\/a><\/figure>\n<\/div>\n\n<div class=\"wp-block-image\">\n<figure class=\"aligncenter size-large\"><a href=\"https:\/\/inspect.com.ro\/wp-content\/uploads\/2025\/07\/7.jpg\" target=\"_blank\" rel=\" noreferrer noopener\"><img loading=\"lazy\" decoding=\"async\" width=\"1024\" height=\"520\" src=\"https:\/\/inspect.com.ro\/wp-content\/uploads\/2025\/07\/7-1024x520.jpg\" alt=\"\" class=\"wp-image-600\" srcset=\"https:\/\/inspect.com.ro\/wp-content\/uploads\/2025\/07\/7-1024x520.jpg 1024w, https:\/\/inspect.com.ro\/wp-content\/uploads\/2025\/07\/7-300x152.jpg 300w, https:\/\/inspect.com.ro\/wp-content\/uploads\/2025\/07\/7-768x390.jpg 768w, https:\/\/inspect.com.ro\/wp-content\/uploads\/2025\/07\/7-1536x780.jpg 1536w, https:\/\/inspect.com.ro\/wp-content\/uploads\/2025\/07\/7-660x335.jpg 660w, https:\/\/inspect.com.ro\/wp-content\/uploads\/2025\/07\/7.jpg 1883w\" sizes=\"auto, (max-width: 1024px) 100vw, 1024px\" \/><\/a><\/figure>\n<\/div>\n\n<div class=\"wp-block-image\">\n<figure class=\"aligncenter size-large\"><a href=\"https:\/\/inspect.com.ro\/wp-content\/uploads\/2025\/07\/8.jpg\" target=\"_blank\" rel=\" noreferrer noopener\"><img loading=\"lazy\" decoding=\"async\" width=\"1024\" height=\"547\" src=\"https:\/\/inspect.com.ro\/wp-content\/uploads\/2025\/07\/8-1024x547.jpg\" alt=\"\" class=\"wp-image-601\" srcset=\"https:\/\/inspect.com.ro\/wp-content\/uploads\/2025\/07\/8-1024x547.jpg 1024w, https:\/\/inspect.com.ro\/wp-content\/uploads\/2025\/07\/8-300x160.jpg 300w, https:\/\/inspect.com.ro\/wp-content\/uploads\/2025\/07\/8-768x410.jpg 768w, https:\/\/inspect.com.ro\/wp-content\/uploads\/2025\/07\/8-1536x820.jpg 1536w, https:\/\/inspect.com.ro\/wp-content\/uploads\/2025\/07\/8-660x352.jpg 660w, https:\/\/inspect.com.ro\/wp-content\/uploads\/2025\/07\/8.jpg 1875w\" sizes=\"auto, (max-width: 1024px) 100vw, 1024px\" \/><\/a><\/figure>\n<\/div>\n\n<div class=\"wp-block-image\">\n<figure class=\"aligncenter size-large\"><a href=\"https:\/\/inspect.com.ro\/wp-content\/uploads\/2025\/07\/9.jpg\" target=\"_blank\" rel=\" noreferrer noopener\"><img loading=\"lazy\" decoding=\"async\" width=\"1024\" height=\"517\" src=\"https:\/\/inspect.com.ro\/wp-content\/uploads\/2025\/07\/9-1024x517.jpg\" alt=\"\" class=\"wp-image-602\" srcset=\"https:\/\/inspect.com.ro\/wp-content\/uploads\/2025\/07\/9-1024x517.jpg 1024w, https:\/\/inspect.com.ro\/wp-content\/uploads\/2025\/07\/9-300x152.jpg 300w, https:\/\/inspect.com.ro\/wp-content\/uploads\/2025\/07\/9-768x388.jpg 768w, https:\/\/inspect.com.ro\/wp-content\/uploads\/2025\/07\/9-1536x776.jpg 1536w, https:\/\/inspect.com.ro\/wp-content\/uploads\/2025\/07\/9-660x333.jpg 660w, https:\/\/inspect.com.ro\/wp-content\/uploads\/2025\/07\/9.jpg 1861w\" sizes=\"auto, (max-width: 1024px) 100vw, 1024px\" \/><\/a><\/figure>\n<\/div>\n\n\n<p><\/p>\n","protected":false},"excerpt":{"rendered":"<p>APLICA\u021aIE SOFTWARE ONLINE PENTRU BURSE \u0218COLARE Aplica\u021bie online de gestionare a burselor \u0219colare 600 lei anual. Pentru un volum mare de lucru se poate lucra concuren\u021bial de pe mai multe calculatoare \u00een acela\u0219i timp. Deoarece se lucreaz\u0103 \u00eentr-un browser de web datele sunt disponibile oriunde vre\u021bi s\u0103 le accesa\u021bi, sau partaja\u021bi, fie cu un calculator\u2026 <span class=\"read-more\"><a href=\"https:\/\/inspect.com.ro\/index.php\/acces-aplicatie-burse-scolare-si-acte-de-studii\/\">Cite\u0219te mai mult &raquo;<\/a><\/span><\/p>\n","protected":false},"author":1,"featured_media":0,"parent":0,"menu_order":0,"comment_status":"closed","ping_status":"closed","template":"","meta":{"footnotes":""},"class_list":["post-225","page","type-page","status-publish","hentry"],"_links":{"self":[{"href":"https:\/\/inspect.com.ro\/index.php\/wp-json\/wp\/v2\/pages\/225","targetHints":{"allow":["GET"]}}],"collection":[{"href":"https:\/\/inspect.com.ro\/index.php\/wp-json\/wp\/v2\/pages"}],"about":[{"href":"https:\/\/inspect.com.ro\/index.php\/wp-json\/wp\/v2\/types\/page"}],"author":[{"embeddable":true,"href":"https:\/\/inspect.com.ro\/index.php\/wp-json\/wp\/v2\/users\/1"}],"replies":[{"embeddable":true,"href":"https:\/\/inspect.com.ro\/index.php\/wp-json\/wp\/v2\/comments?post=225"}],"version-history":[{"count":28,"href":"https:\/\/inspect.com.ro\/index.php\/wp-json\/wp\/v2\/pages\/225\/revisions"}],"predecessor-version":[{"id":617,"href":"https:\/\/inspect.com.ro\/index.php\/wp-json\/wp\/v2\/pages\/225\/revisions\/617"}],"wp:attachment":[{"href":"https:\/\/inspect.com.ro\/index.php\/wp-json\/wp\/v2\/media?parent=225"}],"curies":[{"name":"wp","href":"https:\/\/api.w.org\/{rel}","templated":true}]}}