{"id":17,"date":"2022-12-19T12:41:06","date_gmt":"2022-12-19T10:41:06","guid":{"rendered":"https:\/\/inspect.com.ro\/?page_id=17"},"modified":"2023-11-14T09:32:52","modified_gmt":"2023-11-14T07:32:52","slug":"bacau","status":"publish","type":"page","link":"https:\/\/inspect.com.ro\/index.php\/bacau\/","title":{"rendered":"Bac\u0103u (variant\u0103 complet\u0103)"},"content":{"rendered":"<div class=\"wp-block-image\">\n<figure class=\"aligncenter size-full\"><a href=\"https:\/\/inspect.com.ro\/inspect2\/login.php\" target=\"_blank\" rel=\"noreferrer noopener\"><img loading=\"lazy\" decoding=\"async\" width=\"200\" height=\"123\" src=\"https:\/\/inspect.com.ro\/wp-content\/uploads\/2022\/12\/scoala.jpg\" alt=\"\" class=\"wp-image-19\"\/><\/a><\/figure>\n<\/div>\n\n<div class=\"wp-block-image\">\n<figure class=\"aligncenter size-full\"><a href=\"https:\/\/inspect.com.ro\/inspect2\/curriculum\/login.php\" target=\"_blank\" rel=\"noreferrer noopener\"><img loading=\"lazy\" decoding=\"async\" width=\"200\" height=\"123\" src=\"https:\/\/inspect.com.ro\/wp-content\/uploads\/2022\/12\/curriculum.jpg\" alt=\"\" class=\"wp-image-21\"\/><\/a><\/figure>\n<\/div>\n\n<div class=\"wp-block-image\">\n<figure class=\"aligncenter size-full\"><a href=\"https:\/\/inspect.com.ro\/inspect2\/isj\/login.php\" target=\"_blank\" rel=\"noreferrer noopener\"><img loading=\"lazy\" decoding=\"async\" width=\"200\" height=\"123\" src=\"https:\/\/inspect.com.ro\/wp-content\/uploads\/2022\/12\/mru.jpg\" alt=\"\" class=\"wp-image-22\"\/><\/a><\/figure>\n<\/div>\n\n<div class=\"wp-block-image\">\n<figure class=\"aligncenter size-full\"><a href=\"https:\/\/inspect.com.ro\/inspect2\/petitii\/admin2\/login.php\" target=\"_blank\" rel=\"noreferrer noopener\"><img loading=\"lazy\" decoding=\"async\" width=\"210\" height=\"123\" src=\"https:\/\/inspect.com.ro\/wp-content\/uploads\/2022\/12\/petitieonline3.png\" alt=\"\" class=\"wp-image-23\"\/><\/a><\/figure>\n<\/div>\n\n<div class=\"wp-block-image\">\n<figure class=\"aligncenter size-full\"><a href=\"https:\/\/inspect.com.ro\/inspect2\/petitii\/registru\/login.php\" target=\"_blank\" rel=\"noreferrer noopener\"><img loading=\"lazy\" decoding=\"async\" width=\"210\" height=\"123\" src=\"https:\/\/inspect.com.ro\/wp-content\/uploads\/2022\/12\/petitieonline4.png\" alt=\"\" class=\"wp-image-24\"\/><\/a><\/figure>\n<\/div>\n\n<div class=\"wp-block-image\">\n<figure class=\"aligncenter size-full\"><a href=\"https:\/\/inspect.com.ro\/inspect2\/petitii\/admin_petitii\/login.php\" target=\"_blank\" rel=\"noreferrer noopener\"><img loading=\"lazy\" decoding=\"async\" width=\"210\" height=\"123\" src=\"https:\/\/inspect.com.ro\/wp-content\/uploads\/2023\/02\/admin_pet.png\" alt=\"\" class=\"wp-image-152\"\/><\/a><\/figure>\n<\/div>\n\n<div class=\"wp-block-image\">\n<figure class=\"aligncenter size-full\"><a href=\"https:\/\/inspect.com.ro\/inspect2\/petitii\/petitii.php?operation=insert\" target=\"_blank\" rel=\"noreferrer noopener\"><img loading=\"lazy\" decoding=\"async\" width=\"200\" height=\"123\" src=\"https:\/\/inspect.com.ro\/wp-content\/uploads\/2022\/12\/petitieonline1-1.png\" alt=\"\" class=\"wp-image-26\"\/><\/a><\/figure>\n<\/div>\n\n<div class=\"wp-block-image\">\n<figure class=\"aligncenter size-full\"><a href=\"https:\/\/inspect.com.ro\/inspect2\/petitii\/admin\/login.php\" target=\"_blank\" rel=\"noreferrer noopener\"><img loading=\"lazy\" decoding=\"async\" width=\"210\" height=\"123\" src=\"https:\/\/inspect.com.ro\/wp-content\/uploads\/2022\/12\/petitieonline2.png\" alt=\"\" class=\"wp-image-25\"\/><\/a><\/figure>\n<\/div>\n\n<div class=\"wp-block-image\">\n<figure class=\"aligncenter size-full\"><a href=\"https:\/\/inspect.com.ro\/inspect2\/admin\/login.php\" target=\"_blank\" rel=\"noreferrer noopener\"><img loading=\"lazy\" decoding=\"async\" width=\"200\" height=\"123\" src=\"https:\/\/inspect.com.ro\/wp-content\/uploads\/2022\/12\/admin.jpg\" alt=\"\" class=\"wp-image-29\"\/><\/a><\/figure>\n<\/div>\n\n\n<p class=\"has-text-align-center\"><a href=\"https:\/\/inspect.com.ro\/download\/setup_inspect.exe\">descarc\u0103 aplica\u021bie windows<\/a><\/p>\n","protected":false},"excerpt":{"rendered":"<p>descarc\u0103 aplica\u021bie windows<\/p>\n","protected":false},"author":1,"featured_media":0,"parent":0,"menu_order":0,"comment_status":"closed","ping_status":"closed","template":"","meta":{"footnotes":""},"class_list":["post-17","page","type-page","status-publish","hentry"],"_links":{"self":[{"href":"https:\/\/inspect.com.ro\/index.php\/wp-json\/wp\/v2\/pages\/17","targetHints":{"allow":["GET"]}}],"collection":[{"href":"https:\/\/inspect.com.ro\/index.php\/wp-json\/wp\/v2\/pages"}],"about":[{"href":"https:\/\/inspect.com.ro\/index.php\/wp-json\/wp\/v2\/types\/page"}],"author":[{"embeddable":true,"href":"https:\/\/inspect.com.ro\/index.php\/wp-json\/wp\/v2\/users\/1"}],"replies":[{"embeddable":true,"href":"https:\/\/inspect.com.ro\/index.php\/wp-json\/wp\/v2\/comments?post=17"}],"version-history":[{"count":24,"href":"https:\/\/inspect.com.ro\/index.php\/wp-json\/wp\/v2\/pages\/17\/revisions"}],"predecessor-version":[{"id":338,"href":"https:\/\/inspect.com.ro\/index.php\/wp-json\/wp\/v2\/pages\/17\/revisions\/338"}],"wp:attachment":[{"href":"https:\/\/inspect.com.ro\/index.php\/wp-json\/wp\/v2\/media?parent=17"}],"curies":[{"name":"wp","href":"https:\/\/api.w.org\/{rel}","templated":true}]}}